{"id":118,"date":"2014-05-08T15:28:26","date_gmt":"2014-05-08T13:28:26","guid":{"rendered":"http:\/\/www.spg-unterberg.at\/?page_id=118"},"modified":"2025-04-19T13:17:29","modified_gmt":"2025-04-19T11:17:29","slug":"spielregeln","status":"publish","type":"page","link":"https:\/\/www.spg-unterberg.at\/?page_id=118","title":{"rendered":"Spielregeln"},"content":{"rendered":"<table class=\" aligncenter\" width=\"1131\">\n<tbody>\n<tr>\n<td width=\"1131\"><span style=\"color: #ff0000;\"><strong>Regeln&nbsp;&nbsp; 2025<\/strong><\/span><\/td>\n<\/tr>\n<tr>\n<td><span style=\"color: #ff0000;\">1 Mannschaft = 4 Herren oder Damen + 3 Ersatzspieler.<\/span><\/td>\n<\/tr>\n<tr>\n<td>Die Meldung muss bis zum 1. Spiel erfolgen, es gibt keine Nachmeldung.<\/td>\n<\/tr>\n<tr>\n<td>Pro Spiel d\u00fcrfen nur 5 SpielerInnen eingesetzt werden.<\/td>\n<\/tr>\n<tr>\n<td>1 Spiel = 3 Durchg\u00e4nge zu 5 Partieen, 1 Partie = 3 W\u00fcrfe je Kegler, nur der Moar hat 6 W\u00fcrfe.<\/td>\n<\/tr>\n<tr>\n<td>&nbsp;<\/td>\n<\/tr>\n<tr>\n<td>Spieltermine: Dienstag bis Donnerstag ab 18:30 Uhr, Freitag ab 15:30 Uhr,&nbsp;<\/td>\n<\/tr>\n<tr>\n<td>Samstag 09:30 Uhr, 12:30 Uhr, 15:30 Uhr und 18:30 Uhr.&nbsp;&nbsp;&nbsp;&nbsp;&nbsp;&nbsp;&nbsp;&nbsp;&nbsp; !!!Montag, Sonn- und Feiertag Ruhetag!!!<\/td>\n<\/tr>\n<tr>\n<td>Werden mehr als 2\/3* Spieler getauscht, hat eine Mannschaft in der Gruppe D neu zu beginnen (*6 od. 7 Spieler auf der Spielerliste).<\/td>\n<\/tr>\n<tr>\n<td>&nbsp;<\/td>\n<\/tr>\n<tr>\n<td>Gespielt wird in 4 Gruppen \u00e1 8 Mannschaften.<\/td>\n<\/tr>\n<tr>\n<td>Aus der Gruppe B, C, D steigen&nbsp; 3 Mannschaften in die Gruppe A, B, C auf. Aus der Gruppe A, B, C gibt es 3 Absteiger in die Gruppe B, C, D<\/td>\n<\/tr>\n<tr>\n<td>Aufsetzergeld:&nbsp;&nbsp; \u20ac 15,&#8211;&nbsp; pro Mannschaft<\/td>\n<\/tr>\n<tr>\n<td>Nenngeld:&nbsp;&nbsp;&nbsp;&nbsp;&nbsp;&nbsp;&nbsp;&nbsp;&nbsp; \u20ac 15,&#8211;&nbsp; pro Spieler&nbsp;<\/td>\n<\/tr>\n<tr>\n<td>Die in der Auslosung erstgenannte Mannschaft ist f\u00fcr den Spieltermin und den Aufsetzer verantwortlich.<\/td>\n<\/tr>\n<tr>\n<td>Die in der Auslosung erstgenannte Mannschaft hat der &#8222;Gastmannschaft&#8220; 3 m\u00f6gliche Spieltermine anzubieten.<\/td>\n<\/tr>\n<tr>\n<td>Hat eine Mannschaft nicht gen\u00fcgend Spieler zur Verf\u00fcgung, muss mit weniger Spielern begonnen werden, d.h. auch entsprechend weniger Sch\u00fcbe.<\/td>\n<\/tr>\n<tr>\n<td>Ein sp\u00e4ter erscheinender Spieler kann nach jeder fertig gespielten Partie einsteigen.<\/td>\n<\/tr>\n<tr>\n<td>Der Wechsel des 4. Spielers ist nach jeder Partie m\u00f6glich. Es gibt keinen &#8222;Fuchs&#8220; !!!!<\/td>\n<\/tr>\n<tr>\n<td>Erscheint eine Mannschaft nicht zum vereinbarten Termin, wird das Spiel mit 4:0 (30:0 Kegel) strafbeglaubigt.<\/td>\n<\/tr>\n<tr>\n<td>Findet ein Spiel bis Ende der Saison aus Verschulden beider Mannschaften nicht statt, wird es nicht gewertet.<\/td>\n<\/tr>\n<tr>\n<td>Die Verschiebung eines Spieles ist nur nach Bekanntgabe von triftigen Gr\u00fcnden m\u00f6glich.<\/td>\n<\/tr>\n<tr>\n<td>Die Spielberichte sind auszuf\u00fcllen, gegenzuzeichnen und im Silo abzugeben.<\/td>\n<\/tr>\n<tr>\n<td>Bei Punktegleichheit entscheiden folgende Kriterien \u00fcber die Platzierung:<\/td>\n<\/tr>\n<tr>\n<td>&nbsp; 1.) das direkte Duell<\/td>\n<\/tr>\n<tr>\n<td>&nbsp; 2.) die H\u00f6he der erzielten Kegel im direkten Duell<\/td>\n<\/tr>\n<tr>\n<td>&nbsp; 3.) die H\u00f6he der erzielten Kegel Ende der Saison<\/td>\n<\/tr>\n<tr>\n<td>Der Sieger des Kegelcups wird aus den ersten vier Pl\u00e4tzen jeder Gruppe in einem Finalturnier ermittelt.<\/td>\n<\/tr>\n<tr>\n<td>&nbsp;<\/td>\n<\/tr>\n<tr>\n<td>Sobald die Kugel Sand ber\u00fchrt, ist der Schub erfolgt und darf nicht wiederholt werden.<\/td>\n<\/tr>\n<tr>\n<td>Ber\u00fchrt eine Kugel links oder rechts die Abgrenzung, das Dach oder die Regenrinne ist der Schub ung\u00fcltig und nicht zu wiederholen.<\/td>\n<\/tr>\n<tr>\n<td>Die Regenrinne darf ber\u00fchrt, jedoch nicht \u00fcbertreten werden! Fu\u00dfspitze dar\u00fcber hinaus &#8211; Schub ung\u00fcltig.<\/td>\n<\/tr>\n<tr>\n<td>Die Kugel muss vor dem Kegelkreuz aufkommen.<\/td>\n<\/tr>\n<tr>\n<td>GUT HOLZ!!!!<\/td>\n<\/tr>\n<\/tbody>\n<\/table>\n","protected":false},"excerpt":{"rendered":"<p>Regeln&nbsp;&nbsp; 2025 1 Mannschaft = 4 Herren oder Damen + 3 Ersatzspieler. Die Meldung muss bis zum 1. Spiel erfolgen, es gibt keine Nachmeldung. Pro Spiel d\u00fcrfen nur 5 SpielerInnen eingesetzt werden. 1 Spiel = 3 Durchg\u00e4nge zu 5 Partieen, 1 Partie = 3 W\u00fcrfe je Kegler, nur der Moar hat 6 W\u00fcrfe. &nbsp; Spieltermine: [&hellip;]<\/p>\n","protected":false},"author":1,"featured_media":0,"parent":0,"menu_order":0,"comment_status":"closed","ping_status":"closed","template":"","meta":{"ngg_post_thumbnail":0,"footnotes":""},"class_list":["post-118","page","type-page","status-publish","hentry"],"_links":{"self":[{"href":"https:\/\/www.spg-unterberg.at\/index.php?rest_route=\/wp\/v2\/pages\/118","targetHints":{"allow":["GET"]}}],"collection":[{"href":"https:\/\/www.spg-unterberg.at\/index.php?rest_route=\/wp\/v2\/pages"}],"about":[{"href":"https:\/\/www.spg-unterberg.at\/index.php?rest_route=\/wp\/v2\/types\/page"}],"author":[{"embeddable":true,"href":"https:\/\/www.spg-unterberg.at\/index.php?rest_route=\/wp\/v2\/users\/1"}],"replies":[{"embeddable":true,"href":"https:\/\/www.spg-unterberg.at\/index.php?rest_route=%2Fwp%2Fv2%2Fcomments&post=118"}],"version-history":[{"count":15,"href":"https:\/\/www.spg-unterberg.at\/index.php?rest_route=\/wp\/v2\/pages\/118\/revisions"}],"predecessor-version":[{"id":1974,"href":"https:\/\/www.spg-unterberg.at\/index.php?rest_route=\/wp\/v2\/pages\/118\/revisions\/1974"}],"wp:attachment":[{"href":"https:\/\/www.spg-unterberg.at\/index.php?rest_route=%2Fwp%2Fv2%2Fmedia&parent=118"}],"curies":[{"name":"wp","href":"https:\/\/api.w.org\/{rel}","templated":true}]}}